{"id":1149,"date":"2015-03-24T12:44:44","date_gmt":"2015-03-24T11:44:44","guid":{"rendered":"http:\/\/esperancerando.fr\/?page_id=1149"},"modified":"2016-06-16T15:21:02","modified_gmt":"2016-06-16T14:21:02","slug":"maizieres-la-grande-paroisse","status":"publish","type":"page","link":"https:\/\/esperancerando.fr\/?page_id=1149","title":{"rendered":"Aube"},"content":{"rendered":"<ol>\n<ol>\n<li><strong>Catalogue Randos Aube <a href=\"http:\/\/esperancerando.fr\/wp-content\/uploads\/2015\/03\/Catalogue-Randos-Aube1.xls\">Catalogue Randos Aube<\/a><\/strong><\/li>\n<li><strong>Aix-en-Othe<\/strong> <a href=\"http:\/\/esperancerando.fr\/wp-content\/uploads\/2015\/03\/Aix-en-Othe.pdf\">Aix-en-Othe<\/a><\/li>\n<li><strong>Avant-les-Marcilly<\/strong> <a href=\"http:\/\/esperancerando.fr\/wp-content\/uploads\/2015\/03\/Avant-les-Marcilly.pdf\">Avant-les-Marcilly<\/a><\/li>\n<li><strong>Bar-sur-Aube<\/strong> <a href=\"http:\/\/esperancerando.fr\/wp-content\/uploads\/2015\/03\/Bar-sur-Aube_Circuit-Gaston-Cheq.pdf\">Bar-sur-Aube_Circuit-Gaston-Cheq<\/a>\u00a0<a href=\"http:\/\/esperancerando.fr\/wp-content\/uploads\/2015\/03\/Bar-sur-Aube_La-C\u00f4te-dAube.pdf\">Bar-sur-Aube_La-C\u00f4te-d&rsquo;Aube<\/a><\/li>\n<li><strong>Bercenay-en-Othe<\/strong> <a href=\"http:\/\/esperancerando.fr\/wp-content\/uploads\/2015\/03\/Bercenay-en-Othe.pdf\">Bercenay-en-Othe<\/a><\/li>\n<li><strong>Bouilly<\/strong> <a href=\"http:\/\/esperancerando.fr\/wp-content\/uploads\/2015\/03\/Bouilly.pdf\">Bouilly<\/a><\/li>\n<li><strong>Bouy-sur-Orvin<\/strong> <a href=\"http:\/\/esperancerando.fr\/wp-content\/uploads\/2015\/03\/Bouy-sur-Orvin.pdf\">Bouy-sur-Orvin<\/a><\/li>\n<li><strong>Celles-sur-Ource<\/strong> <a href=\"http:\/\/esperancerando.fr\/wp-content\/uploads\/2015\/03\/Celles-sur-Ource.pdf\">Celles-sur-Ource<\/a><\/li>\n<li><strong>Charmoy<\/strong>\u00a0<a href=\"http:\/\/esperancerando.fr\/wp-content\/uploads\/2015\/03\/Charmoy.pdf\">Charmoy<\/a><\/li>\n<li><strong>Clairvaux<\/strong> <a href=\"http:\/\/esperancerando.fr\/wp-content\/uploads\/2015\/03\/Clairvaux.pdf\">Clairvaux<\/a><\/li>\n<li><strong>Courteron<\/strong> <a href=\"http:\/\/esperancerando.fr\/wp-content\/uploads\/2015\/03\/Courteron.pdf\">Courteron<\/a>\u00a0<a href=\"http:\/\/esperancerando.fr\/wp-content\/uploads\/2015\/03\/Les-Cadoles-Champenoises-de-Courteron.pdf\">Les-Cadoles-Champenoises-de-Courteron<\/a>\u00a0<a href=\"http:\/\/esperancerando.fr\/wp-content\/uploads\/2015\/03\/Quest-ce-quune-Cadole.pdf\">Qu&rsquo;est-ce-qu&rsquo;une-Cadole<\/a><\/li>\n<li><strong>Coussegrey<\/strong> <a href=\"http:\/\/esperancerando.fr\/wp-content\/uploads\/2015\/03\/Coussegrey.pdf\">Coussegrey<\/a><\/li>\n<li><strong>Cunfin<\/strong> <a href=\"http:\/\/esperancerando.fr\/wp-content\/uploads\/2015\/03\/Cunfin.pdf\">Cunfin<\/a><\/li>\n<li><strong>Dienville<\/strong> <a href=\"http:\/\/esperancerando.fr\/wp-content\/uploads\/2015\/03\/Dienville.pdf\">Dienville<\/a><\/li>\n<li><strong>Droupt-St-Basle<\/strong>\u00a0<a href=\"http:\/\/esperancerando.fr\/wp-content\/uploads\/2015\/03\/Topoguide_A-la-D\u00e9couverte-des-3-Saints.pdf\">Topoguide_A-la-D\u00e9couverte-des-3-Saints<\/a>\u00a0<a href=\"http:\/\/esperancerando.fr\/wp-content\/uploads\/2015\/03\/Droupt-St-Basle_Droupt-Ste-Marie.pdf\">Droupt-St-Basle_Droupt-Ste-Marie<\/a><\/li>\n<li><strong>Eaux-Puiseaux<\/strong> <a href=\"http:\/\/esperancerando.fr\/wp-content\/uploads\/2015\/03\/Eaux-Puiseaux.pdf\">Eaux-Puiseaux<\/a><\/li>\n<li><strong>Ervy-le-Ch\u00e2tel<\/strong> <a href=\"http:\/\/esperancerando.fr\/wp-content\/uploads\/2015\/03\/Ervy-le-Ch\u00e2tel.pdf\">Ervy-le-Ch\u00e2tel<\/a><\/li>\n<li><strong>Essoyes<\/strong> <a href=\"http:\/\/esperancerando.fr\/wp-content\/uploads\/2015\/03\/Essoyes_Circuit-Aline-Charigot.pdf\">Essoyes_Circuit-Aline-Charigot<\/a>\u00a0<a href=\"http:\/\/esperancerando.fr\/wp-content\/uploads\/2015\/03\/Essoyes_Sentier-Pierre-Auguste-Renoir.pdf\">Essoyes_Sentier-Pierre-Auguste-Renoir<\/a><\/li>\n<li><strong>Estissac<\/strong> <a href=\"http:\/\/esperancerando.fr\/wp-content\/uploads\/2015\/03\/Estissac.pdf\">Estissac<\/a><\/li>\n<li><strong>Etourvy<\/strong> <a href=\"http:\/\/esperancerando.fr\/wp-content\/uploads\/2015\/03\/Etourvy.pdf\">Etourvy<\/a><\/li>\n<li><strong>Faux-Villecerf<\/strong> <a href=\"http:\/\/esperancerando.fr\/wp-content\/uploads\/2015\/03\/Faux-Villecerf.pdf\">Faux-Villecerf<\/a><\/li>\n<li><strong>Ferreux-Quincey<\/strong> <a href=\"http:\/\/esperancerando.fr\/wp-content\/uploads\/2015\/03\/Ferreux-Quincey.pdf\">Ferreux-Quincey<\/a>\u00a0<a href=\"http:\/\/esperancerando.fr\/wp-content\/uploads\/2015\/03\/Ferreux-Quincey_Le-Moulin.pdf\">Ferreux-Quincey_Le-Moulin<\/a><\/li>\n<li><strong>G\u00e9lannes <\/strong><a href=\"http:\/\/esperancerando.fr\/wp-content\/uploads\/2015\/03\/G\u00e9lannes.pdf\">G\u00e9lannes<\/a><\/li>\n<li><strong>G\u00e9raudot<\/strong> <a href=\"http:\/\/esperancerando.fr\/wp-content\/uploads\/2015\/03\/G\u00e9raudot.pdf\">G\u00e9raudot<\/a><\/li>\n<li><strong>Gumery<\/strong> <a href=\"http:\/\/esperancerando.fr\/wp-content\/uploads\/2015\/03\/Gumery.pdf\">Gumery<\/a><\/li>\n<li><strong>Juvancourt<\/strong> <a href=\"http:\/\/esperancerando.fr\/wp-content\/uploads\/2015\/03\/Juvancourt.pdf\">Juvancourt<\/a><\/li>\n<li><strong>La-Loge-aux-Ch\u00e8vres<\/strong> <a href=\"http:\/\/esperancerando.fr\/wp-content\/uploads\/2015\/03\/La-Loge-aux-Ch\u00e8vres.pdf\">La-Loge-aux-Ch\u00e8vres<\/a><\/li>\n<li><strong>La-Loupti\u00e8re-Th\u00e9nard<\/strong> <a href=\"http:\/\/esperancerando.fr\/wp-content\/uploads\/2015\/03\/La-Loupti\u00e8re-Th\u00e9nard_Tra\u00eenel.pdf\">La-Loupti\u00e8re-Th\u00e9nard_Tra\u00eenel<\/a><\/li>\n<li><strong>La-Saulsotte<\/strong> <a href=\"http:\/\/esperancerando.fr\/wp-content\/uploads\/2015\/03\/La-Saulsotte.pdf\">La-Saulsotte<\/a>\u00a0<a href=\"http:\/\/esperancerando.fr\/wp-content\/uploads\/2015\/03\/La-Saulsotte_Les-Vigneaux_Courtioux_Resson.pdf\">La-Saulsotte_Les-Vigneaux_Courtioux_Resson<\/a>\u00a0<a href=\"http:\/\/esperancerando.fr\/wp-content\/uploads\/2015\/03\/La-Saulsotte_Montpothier_Courtioux_Resson.pdf\">La-Saulsotte_Montpothier_Courtioux_Resson<\/a><\/li>\n<li><strong>La-Villeneuve-au-Ch\u00e2telot<\/strong> <a href=\"http:\/\/esperancerando.fr\/wp-content\/uploads\/2015\/03\/La-Villeneuve-au-Ch\u00e2telot.pdf\">La-Villeneuve-au-Ch\u00e2telot<\/a><\/li>\n<li><strong>Le-Plessis-M\u00e9riot<\/strong> <a href=\"http:\/\/esperancerando.fr\/wp-content\/uploads\/2015\/03\/Le-Plessis-M\u00e9riot_For\u00eat-de-Sourdun.pdf\">Le-Plessis-M\u00e9riot_For\u00eat-de-Sourdun<\/a>\u00a0<a href=\"http:\/\/esperancerando.fr\/wp-content\/uploads\/2015\/03\/Le-Plessis-M\u00e9riot_Montiboeuf.pdf\">Le-Plessis-M\u00e9riot_Montiboeuf<\/a>\u00a0<a href=\"http:\/\/esperancerando.fr\/wp-content\/uploads\/2015\/03\/Le-Plessis-M\u00e9riot_St-Nicolas-la-Chapelle.pdf\">Le-Plessis-M\u00e9riot_St-Nicolas-la-Chapelle<\/a>\u00a0<a href=\"http:\/\/esperancerando.fr\/wp-content\/uploads\/2015\/03\/Le-Plessis-M\u00e9riot_St-Nicolas-la-Chapelle_Ordon.pdf\">Le-Plessis-M\u00e9riot_St-Nicolas-la-Chapelle_Ordon<\/a>\u00a0<a href=\"http:\/\/esperancerando.fr\/wp-content\/uploads\/2015\/03\/Le-Plessis-M\u00e9riot_Trail_12Kms.pdf\">Le-Plessis-M\u00e9riot_Trail_12Kms<\/a>\u00a0<a href=\"http:\/\/esperancerando.fr\/wp-content\/uploads\/2015\/03\/Le-Plessis-M\u00e9riot_Trail_20Kms.pdf\">Le-Plessis-M\u00e9riot_Trail_20Kms<\/a><\/li>\n<li><strong>Les-Riceys<\/strong> <a href=\"http:\/\/esperancerando.fr\/wp-content\/uploads\/2015\/03\/Les-Riceys_Circuit-des-Cadoles_1.pdf\">Les-Riceys_Circuit-des-Cadoles_1<\/a>\u00a0<a href=\"http:\/\/esperancerando.fr\/wp-content\/uploads\/2015\/03\/Les-Riceys_Circuit-des-Cadoles_2.pdf\">Les-Riceys_Circuit-des-Cadoles_2<\/a><\/li>\n<li><strong>Longchamp-sur-Onjon<\/strong> <a href=\"http:\/\/esperancerando.fr\/wp-content\/uploads\/2015\/03\/Longchamp-sur-Aujon.pdf\">Longchamp-sur-Aujon<\/a><\/li>\n<li><strong>Lusigny-sur-Barse<\/strong> <a href=\"http:\/\/esperancerando.fr\/wp-content\/uploads\/2015\/03\/Lusigny-sur-Barse.pdf\">Lusigny-sur-Barse<\/a><\/li>\n<li><strong>Maizi\u00e8res-la-Grande-Paroisse<\/strong> <a href=\"http:\/\/esperancerando.fr\/wp-content\/uploads\/2015\/03\/Maizi\u00e8res-la-Grande-Paroisse.pdf\">Maizi\u00e8res-la-Grande-Paroisse<\/a><\/li>\n<li><strong>Maraye-en-Othe<\/strong> <a href=\"http:\/\/esperancerando.fr\/wp-content\/uploads\/2015\/03\/Maraye-en-Othe.pdf\">Maraye-en-Othe<\/a><\/li>\n<li><strong>Marigny-le-Ch\u00e2tel<\/strong> <a href=\"http:\/\/esperancerando.fr\/wp-content\/uploads\/2015\/03\/Marigny-le-Ch\u00e2tel.pdf\">Marigny-le-Ch\u00e2tel<\/a><\/li>\n<li><strong>Marnay-sur-Seine<\/strong> <a href=\"http:\/\/esperancerando.fr\/wp-content\/uploads\/2015\/03\/Marnay-sur-Seine.pdf\">Marnay-sur-Seine<\/a><\/li>\n<li><strong>Mussy-sur-Seine<\/strong> <a href=\"http:\/\/esperancerando.fr\/wp-content\/uploads\/2015\/03\/Mussy-sur-Seine.pdf\">Mussy-sur-Seine<\/a><\/li>\n<li><strong>Nogent-sur-Seine<\/strong> <a href=\"http:\/\/esperancerando.fr\/wp-content\/uploads\/2015\/03\/Nogent_Marnay_Pont_1.pdf\">Nogent_Marnay_Pont_1<\/a>\u00a0<a href=\"http:\/\/esperancerando.fr\/wp-content\/uploads\/2015\/03\/Nogent_Marnay_Pont_2.pdf\">Nogent_Marnay_Pont_2<\/a>\u00a0<a href=\"http:\/\/esperancerando.fr\/wp-content\/uploads\/2015\/03\/Nogent_Romilly_1.pdf\">Nogent_Romilly_1<\/a>\u00a0<a href=\"http:\/\/esperancerando.fr\/wp-content\/uploads\/2015\/03\/Nogent_Romilly_2.pdf\">Nogent_Romilly_2<\/a>\u00a0<a href=\"http:\/\/esperancerando.fr\/wp-content\/uploads\/2015\/03\/Nogent_Berni\u00e8res.pdf\">Nogent_Berni\u00e8res<\/a>\u00a0<a href=\"http:\/\/esperancerando.fr\/wp-content\/uploads\/2015\/03\/Nogent_Fontaine-M\u00e2con.pdf\">Nogent_Fontaine-M\u00e2con<\/a>\u00a0<a href=\"http:\/\/esperancerando.fr\/wp-content\/uploads\/2015\/03\/Nogent_La-Motte-Tilly.pdf\">Nogent_La-Motte-Tilly<\/a>\u00a0<a href=\"http:\/\/esperancerando.fr\/wp-content\/uploads\/2015\/03\/Nogent_Liours.pdf\">Nogent_Liours<\/a>\u00a0<a href=\"http:\/\/esperancerando.fr\/wp-content\/uploads\/2015\/03\/Nogent_Tour.pdf\">Nogent_Tour<\/a>\u00a0<a href=\"http:\/\/esperancerando.fr\/wp-content\/uploads\/2015\/03\/Nogent_Ville.pdf\">Nogent_Ville<\/a>\u00a0<a href=\"http:\/\/esperancerando.fr\/wp-content\/uploads\/2015\/03\/Nogent_Villiers-aux-Choux.pdf\">Nogent_Villiers-aux-Choux<\/a><\/li>\n<li><strong>Ossey-les-3-Maisons<\/strong> <a href=\"http:\/\/esperancerando.fr\/wp-content\/uploads\/2015\/03\/Ossey-les-3-Maisons.pdf\">Ossey-les-3-Maisons<\/a><\/li>\n<li><strong>Plancy-L&rsquo;Abbaye<\/strong> <a href=\"http:\/\/esperancerando.fr\/wp-content\/uploads\/2015\/03\/Plancy-LAbbaye.pdf\">Plancy-L&rsquo;Abbaye<\/a><\/li>\n<li><strong>Pont-sur-Seine<\/strong> <a href=\"http:\/\/esperancerando.fr\/wp-content\/uploads\/2015\/03\/Pont-sur-Seine_Longueperte_Pommereau.pdf\">Pont-sur-Seine_Longueperte_Pommereau<\/a>\u00a0<a href=\"http:\/\/esperancerando.fr\/wp-content\/uploads\/2015\/03\/Pont-sur-Seine_2013.pdf\">Pont-sur-Seine_2013<\/a>\u00a0<a href=\"http:\/\/esperancerando.fr\/wp-content\/uploads\/2015\/03\/Pont-sur-Seine_2008.pdf\">Pont-sur-Seine_2008<\/a><\/li>\n<li><strong>Port-St-Nicolas <\/strong><a href=\"http:\/\/esperancerando.fr\/wp-content\/uploads\/2015\/03\/Port-St-Nicolas_Chalautre-la-Grande.pdf\">Port-St-Nicolas_Chalautre-la-Grande<\/a>\u00a0<a href=\"http:\/\/esperancerando.fr\/wp-content\/uploads\/2015\/03\/Port-St-Nicolas_Chalautre-la-Grande_Fouch\u00e8res.pdf\">Port-St-Nicolas_Chalautre-la-Grande_Fouch\u00e8res<\/a>\u00a0<a href=\"http:\/\/esperancerando.fr\/wp-content\/uploads\/2015\/03\/Port-St-Nicolas_La-Saulsotte.pdf\">Port-St-Nicolas_La-Saulsotte<\/a><\/li>\n<li><strong>Rigny-la-Nonneuse <\/strong><a href=\"http:\/\/esperancerando.fr\/wp-content\/uploads\/2015\/03\/Rigny_Maquis-et-Pomme-dAmour.pdf\">Rigny_Maquis-et-Pomme-d&rsquo;Amour<\/a>\u00a0<a href=\"http:\/\/esperancerando.fr\/wp-content\/uploads\/2015\/03\/Fl\u00e2neries-de-lOTNVS-20160612.docx\">Fl\u00e2neries-de-l&rsquo;OTNVS-20160612<\/a><\/li>\n<li><strong>St-Aubin<\/strong> <a href=\"http:\/\/esperancerando.fr\/wp-content\/uploads\/2015\/03\/St-Aubin_Quincey.pdf\">St-Aubin_Quincey<\/a>\u00a0<a href=\"http:\/\/esperancerando.fr\/wp-content\/uploads\/2015\/03\/St-Aubin_Quincey_Paraclet_1.pdf\">St-Aubin_Quincey_Paraclet_1<\/a>\u00a0<a href=\"http:\/\/esperancerando.fr\/wp-content\/uploads\/2015\/03\/St-Aubin_Quincey_Paraclet_2.pdf\">St-Aubin_Quincey_Paraclet_2<\/a><\/li>\n<li><strong>Soulaines-Dhuys<\/strong> <a href=\"http:\/\/esperancerando.fr\/wp-content\/uploads\/2015\/03\/Soulaines-Dhuys.pdf\">Soulaines-Dhuys<\/a><\/li>\n<li><strong>Tra\u00eenel<\/strong> <a href=\"http:\/\/esperancerando.fr\/wp-content\/uploads\/2015\/03\/Tra\u00eenel.pdf\">Tra\u00eenel<\/a>\u00a0<a href=\"http:\/\/esperancerando.fr\/wp-content\/uploads\/2015\/03\/Tra\u00eenel_La-Loupti\u00e8re-Th\u00e9nard.pdf\">Tra\u00eenel_La-Loupti\u00e8re-Th\u00e9nard<\/a><\/li>\n<li><strong>Troyes<\/strong> <a href=\"http:\/\/esperancerando.fr\/wp-content\/uploads\/2015\/03\/Troyes_Historique.pdf\">Troyes_Historique<\/a>\u00a0<a href=\"http:\/\/esperancerando.fr\/wp-content\/uploads\/2015\/03\/Troyes_Collines-Plaines-Villages-Autour_1.pdf\">Troyes_Collines-Plaines-Villages-Autour_1<\/a>\u00a0<a href=\"http:\/\/esperancerando.fr\/wp-content\/uploads\/2015\/03\/Troyes_Collines-Plaines-Villages-Autour_2.pdf\">Troyes_Collines-Plaines-Villages-Autour_2<\/a><\/li>\n<li><strong>Villadin<\/strong> <a href=\"http:\/\/esperancerando.fr\/wp-content\/uploads\/2015\/03\/Villadin_Bois-LAbbesse.pdf\">Villadin_Bois-L&rsquo;Abbesse<\/a>\u00a0<a href=\"http:\/\/esperancerando.fr\/wp-content\/uploads\/2015\/03\/Villadin_Bois-de-Villadin.pdf\">Villadin_Bois-de-Villadin<\/a>\u00a0<a href=\"http:\/\/esperancerando.fr\/wp-content\/uploads\/2015\/03\/Villadin_Circuit-de-la-Louve.pdf\">Villadin_Circuit-de-la-Louve<\/a>\u00a0<a href=\"http:\/\/esperancerando.fr\/wp-content\/uploads\/2015\/03\/Villadin_Circuit-de-Verrois.pdf\">Villadin_Circuit-de-Verrois<\/a>\u00a0<a href=\"http:\/\/esperancerando.fr\/wp-content\/uploads\/2015\/03\/Villadin_Circuits-Verrois-Louve.pdf\">Villadin_Circuits-Verrois-Louve<\/a>\u00a0<a href=\"http:\/\/esperancerando.fr\/wp-content\/uploads\/2015\/03\/Villadin_Sentier-des-3-Communes.pdf\">Villadin_Sentier-des-3-Communes<\/a><\/li>\n<li><strong>Villenauxe-la-Grande<\/strong> <a href=\"http:\/\/esperancerando.fr\/wp-content\/uploads\/2015\/03\/Villenauxe-la-Grande.pdf\">Villenauxe-la-Grande<\/a>\u00a0<a href=\"http:\/\/esperancerando.fr\/wp-content\/uploads\/2015\/03\/Villenauxe-la-Grande_2015.pdf\">Villenauxe-la-Grande_2015<\/a> <a href=\"http:\/\/esperancerando.fr\/wp-content\/uploads\/2015\/03\/Villenauxe-la-Grande_2013.pdf\">Villenauxe-la-Grande_2013<\/a>\u00a0<a href=\"http:\/\/esperancerando.fr\/wp-content\/uploads\/2015\/03\/Villenauxe-la-Grande_2012.pdf\">Villenauxe-la-Grande_2012<\/a>\u00a0<a href=\"http:\/\/esperancerando.fr\/wp-content\/uploads\/2015\/03\/Villenauxe-la-Grande_2009.pdf\">Villenauxe-la-Grande_2009<\/a><\/li>\n<li><strong>Villery<\/strong> <a href=\"http:\/\/esperancerando.fr\/wp-content\/uploads\/2015\/03\/Villery.pdf\">Villery<\/a><\/li>\n<\/ol>\n<\/ol>\n","protected":false},"excerpt":{"rendered":"<p>Catalogue Randos Aube Catalogue Randos Aube Aix-en-Othe Aix-en-Othe Avant-les-Marcilly Avant-les-Marcilly Bar-sur-Aube Bar-sur-Aube_Circuit-Gaston-Cheq\u00a0Bar-sur-Aube_La-C\u00f4te-d&rsquo;Aube Bercenay-en-Othe Bercenay-en-Othe Bouilly Bouilly Bouy-sur-Orvin Bouy-sur-Orvin Celles-sur-Ource Celles-sur-Ource Charmoy\u00a0Charmoy Clairvaux Clairvaux Courteron Courteron\u00a0Les-Cadoles-Champenoises-de-Courteron\u00a0Qu&rsquo;est-ce-qu&rsquo;une-Cadole Coussegrey Coussegrey Cunfin Cunfin Dienville Dienville Droupt-St-Basle\u00a0Topoguide_A-la-D\u00e9couverte-des-3-Saints\u00a0Droupt-St-Basle_Droupt-Ste-Marie Eaux-Puiseaux Eaux-Puiseaux Ervy-le-Ch\u00e2tel Ervy-le-Ch\u00e2tel Essoyes Essoyes_Circuit-Aline-Charigot\u00a0Essoyes_Sentier-Pierre-Auguste-Renoir Estissac Estissac Etourvy Etourvy Faux-Villecerf Faux-Villecerf Ferreux-Quincey Ferreux-Quincey\u00a0Ferreux-Quincey_Le-Moulin G\u00e9lannes G\u00e9lannes G\u00e9raudot G\u00e9raudot Gumery Gumery Juvancourt Juvancourt La-Loge-aux-Ch\u00e8vres [&hellip;]<\/p>\n","protected":false},"author":1,"featured_media":0,"parent":1131,"menu_order":0,"comment_status":"closed","ping_status":"open","template":"","meta":{"footnotes":""},"class_list":["post-1149","page","type-page","status-publish","hentry"],"_links":{"self":[{"href":"https:\/\/esperancerando.fr\/index.php?rest_route=\/wp\/v2\/pages\/1149"}],"collection":[{"href":"https:\/\/esperancerando.fr\/index.php?rest_route=\/wp\/v2\/pages"}],"about":[{"href":"https:\/\/esperancerando.fr\/index.php?rest_route=\/wp\/v2\/types\/page"}],"author":[{"embeddable":true,"href":"https:\/\/esperancerando.fr\/index.php?rest_route=\/wp\/v2\/users\/1"}],"replies":[{"embeddable":true,"href":"https:\/\/esperancerando.fr\/index.php?rest_route=%2Fwp%2Fv2%2Fcomments&post=1149"}],"version-history":[{"count":103,"href":"https:\/\/esperancerando.fr\/index.php?rest_route=\/wp\/v2\/pages\/1149\/revisions"}],"predecessor-version":[{"id":4018,"href":"https:\/\/esperancerando.fr\/index.php?rest_route=\/wp\/v2\/pages\/1149\/revisions\/4018"}],"up":[{"embeddable":true,"href":"https:\/\/esperancerando.fr\/index.php?rest_route=\/wp\/v2\/pages\/1131"}],"wp:attachment":[{"href":"https:\/\/esperancerando.fr\/index.php?rest_route=%2Fwp%2Fv2%2Fmedia&parent=1149"}],"curies":[{"name":"wp","href":"https:\/\/api.w.org\/{rel}","templated":true}]}}