{"id":1180,"date":"2015-03-24T13:17:37","date_gmt":"2015-03-24T12:17:37","guid":{"rendered":"http:\/\/esperancerando.fr\/?page_id=1180"},"modified":"2016-06-16T14:54:53","modified_gmt":"2016-06-16T13:54:53","slug":"seine-et-marne","status":"publish","type":"page","link":"https:\/\/esperancerando.fr\/?page_id=1180","title":{"rendered":"Seine &#038; Marne"},"content":{"rendered":"<ol>\n<li><strong>Catalogue Randos Seine-et-Marne <a href=\"http:\/\/esperancerando.fr\/wp-content\/uploads\/2015\/03\/Catalogue-Randos-Seine-et-Marne.xls\">Catalogue Randos Seine-et-Marne<\/a><\/strong><\/li>\n<li><strong>Seine-et-Marne<\/strong> <a href=\"http:\/\/esperancerando.fr\/wp-content\/uploads\/2015\/03\/Seine-et-Marne_29-Randonn\u00e9es.pdf\">Seine-et-Marne_29-Randonn\u00e9es<\/a><\/li>\n<li><strong>Balloy<\/strong> <a href=\"http:\/\/esperancerando.fr\/wp-content\/uploads\/2015\/03\/Balloy.pdf\">Balloy<\/a><\/li>\n<li><strong>Barbizon<\/strong> <a href=\"http:\/\/esperancerando.fr\/wp-content\/uploads\/2015\/03\/Barbizon.pdf\">Barbizon<\/a><\/li>\n<li><strong>Blunay<\/strong> <a href=\"http:\/\/esperancerando.fr\/wp-content\/uploads\/2015\/03\/Blunay_For\u00eat_Les-Chaises.pdf\">Blunay_For\u00eat_Les-Chaises<\/a>\u00a0<a href=\"http:\/\/esperancerando.fr\/wp-content\/uploads\/2015\/03\/Blunay_For\u00eat.pdf\">Blunay_For\u00eat<\/a>\u00a0<a href=\"http:\/\/esperancerando.fr\/wp-content\/uploads\/2015\/03\/Blunay_La-Fontaine-aux-Bois.pdf\">Blunay_La-Fontaine-aux-Bois<\/a>\u00a0<a href=\"http:\/\/esperancerando.fr\/wp-content\/uploads\/2015\/03\/Blunay_Les-Grands-Pleux.pdf\">Blunay_Les-Grands-Pleux<\/a><\/li>\n<li><strong>Bray-sur-Seine<\/strong> <a href=\"http:\/\/esperancerando.fr\/wp-content\/uploads\/2015\/03\/Bray-sur-Seine.pdf\">Bray-sur-Seine<\/a><\/li>\n<li><strong>Chalautre-la-Grande<\/strong> <a href=\"http:\/\/esperancerando.fr\/wp-content\/uploads\/2015\/03\/Chalautre-la-Grande.pdf\">Chalautre-la-Grande<\/a>\u00a0<a href=\"http:\/\/esperancerando.fr\/wp-content\/uploads\/2015\/03\/Chalautre-la-Grande_Commune.pdf\">Chalautre-la-Grande_Commune<\/a><\/li>\n<li><strong>Ch\u00e2teau-Landon<\/strong> <a href=\"http:\/\/esperancerando.fr\/wp-content\/uploads\/2015\/03\/Ch\u00e2teau-Landon.pdf\">Ch\u00e2teau-Landon<\/a><\/li>\n<li><strong>Chenoise<\/strong> <a href=\"http:\/\/esperancerando.fr\/wp-content\/uploads\/2015\/03\/Chenoise.pdf\">Chenoise<\/a><\/li>\n<li><strong>Donnemarie-Dontilly<\/strong> <a href=\"http:\/\/esperancerando.fr\/wp-content\/uploads\/2015\/03\/Donnemarie-Dontilly_Montois-Auxence.pdf\">Donnemarie-Dontilly_Montois-Auxence<\/a>\u00a0<a href=\"http:\/\/esperancerando.fr\/wp-content\/uploads\/2015\/03\/Donnemarie-Dontilly_Chalautre-la-Reposte.pdf\">Donnemarie-Dontilly_Chalautre-la-Reposte<\/a>\u00a0<a href=\"http:\/\/esperancerando.fr\/wp-content\/uploads\/2015\/03\/Donnemarie-Dontilly_Bois-de-Sigy_1.pdf\">Donnemarie-Dontilly_Bois-de-Sigy_1<\/a>\u00a0<a href=\"http:\/\/esperancerando.fr\/wp-content\/uploads\/2015\/03\/Donnemarie-Dontilly_Bois-de-Sigy_2.pdf\">Donnemarie-Dontilly_Bois-de-Sigy_2<\/a><\/li>\n<li><strong>Egligny<\/strong> <a href=\"http:\/\/esperancerando.fr\/wp-content\/uploads\/2015\/03\/Egligny.pdf\">Egligny<\/a><\/li>\n<li><strong>Fontaine-Fourches<\/strong> <a href=\"http:\/\/esperancerando.fr\/wp-content\/uploads\/2015\/03\/Fontaine-Fourches_La-Loupti\u00e8re-Th\u00e9nard_Tra\u00eenel.pdf\">Fontaine-Fourches_La-Loupti\u00e8re-Th\u00e9nard_Tra\u00eenel<\/a><\/li>\n<li><strong>Herm\u00e9<\/strong> <a href=\"http:\/\/esperancerando.fr\/wp-content\/uploads\/2015\/03\/Herm\u00e9.pdf\">Herm\u00e9<\/a><\/li>\n<li><strong>Jutigny<\/strong> <a href=\"http:\/\/esperancerando.fr\/wp-content\/uploads\/2015\/03\/Jutigny.pdf\">Jutigny<\/a><\/li>\n<li><strong>Larchant<\/strong> <a href=\"http:\/\/esperancerando.fr\/wp-content\/uploads\/2015\/03\/Larchant_1.pdf\">Larchant_1<\/a>\u00a0<a href=\"http:\/\/esperancerando.fr\/wp-content\/uploads\/2015\/03\/Larchant_2.pdf\">Larchant_2<\/a>\u00a0<a href=\"http:\/\/esperancerando.fr\/wp-content\/uploads\/2015\/03\/Larchant_3.pdf\">Larchant_3<\/a><\/li>\n<li><strong>L\u00e9chelle<\/strong> <a href=\"http:\/\/esperancerando.fr\/wp-content\/uploads\/2015\/03\/L\u00e9chelle.pdf\">L\u00e9chelle<\/a><\/li>\n<li><strong>Louan<\/strong> <a href=\"http:\/\/esperancerando.fr\/wp-content\/uploads\/2015\/03\/Louan.pdf\">Louan<\/a><\/li>\n<li><strong>Montigny-sur-Loing<\/strong> <a href=\"http:\/\/esperancerando.fr\/wp-content\/uploads\/2015\/03\/Montigny-sur-Loing_Sorques_1.pdf\">Montigny-sur-Loing_Sorques_1<\/a>\u00a0<a href=\"http:\/\/esperancerando.fr\/wp-content\/uploads\/2015\/03\/Montigny-sur-Loing_Sorques_2.pdf\">Montigny-sur-Loing_Sorques_2<\/a>\u00a0<a href=\"http:\/\/esperancerando.fr\/wp-content\/uploads\/2015\/03\/La-Plaine-de-Sorques.pdf\">La-Plaine-de-Sorques<\/a><\/li>\n<li><strong>Moret-sur-Loing<\/strong> <a href=\"http:\/\/esperancerando.fr\/wp-content\/uploads\/2015\/03\/Moret-sur-Loing_16-Randonn\u00e9es.pdf\">Moret-sur-Loing_16-Randonn\u00e9es<\/a>\u00a0<a href=\"http:\/\/esperancerando.fr\/wp-content\/uploads\/2015\/03\/Moret-sur-Loing_Historique_1.pdf\">Moret-sur-Loing_Historique_1<\/a>\u00a0<a href=\"http:\/\/esperancerando.fr\/wp-content\/uploads\/2015\/03\/Moret-sur-Loing_Historique_2.pdf\">Moret-sur-Loing_Historique_2<\/a><\/li>\n<li><strong>Paley<\/strong> <a href=\"http:\/\/esperancerando.fr\/wp-content\/uploads\/2015\/03\/Paley.pdf\">Paley<\/a><\/li>\n<li><strong>Provins<\/strong> <a href=\"http:\/\/esperancerando.fr\/wp-content\/uploads\/2015\/03\/Provins_Aux-Portes-de-Provins.pdf\">Provins_Aux-Portes-de-Provins<\/a>\u00a0<a href=\"http:\/\/esperancerando.fr\/wp-content\/uploads\/2015\/03\/Provins_Ville-Haute.pdf\">Provins_Ville-Haute<\/a>\u00a0<a href=\"http:\/\/esperancerando.fr\/wp-content\/uploads\/2015\/03\/Provins_Coteaux-de-la-Voulzie.pdf\">Provins_Coteaux-de-la-Voulzie<\/a>\u00a0<a href=\"http:\/\/esperancerando.fr\/wp-content\/uploads\/2015\/03\/Provins_2012_1.pdf\">Provins_2012_1<\/a>\u00a0<a href=\"http:\/\/esperancerando.fr\/wp-content\/uploads\/2015\/03\/Provins_2012_2.pdf\">Provins_2012_2<\/a>\u00a0<a href=\"http:\/\/esperancerando.fr\/wp-content\/uploads\/2015\/03\/Provins_Ste-Colombe_Chalautre-la-Petite.pdf\">Provins_Ste-Colombe_Chalautre-la-Petite<\/a>\u00a0<a href=\"http:\/\/esperancerando.fr\/wp-content\/uploads\/2015\/03\/Provins_Richebourg.pdf\">Provins_Richebourg<\/a><\/li>\n<li><strong>Reuil-en-Brie<\/strong> <a href=\"http:\/\/esperancerando.fr\/wp-content\/uploads\/2015\/03\/Reuil-en-Brie.pdf\">Reuil-en-Brie<\/a><\/li>\n<li><strong>Savins<\/strong> <a href=\"http:\/\/esperancerando.fr\/wp-content\/uploads\/2015\/03\/Savins_1.pdf\">Savins_1<\/a>\u00a0<a href=\"http:\/\/esperancerando.fr\/wp-content\/uploads\/2015\/03\/Savins_2.pdf\">Savins_2<\/a><\/li>\n<li><strong>Ste-Colombe<\/strong> <a href=\"http:\/\/esperancerando.fr\/wp-content\/uploads\/2015\/03\/Ste-Colombe.pdf\">Ste-Colombe<\/a><\/li>\n<li><strong>St-Mamm\u00e8s<\/strong> <a href=\"http:\/\/esperancerando.fr\/wp-content\/uploads\/2015\/03\/St-Mamm\u00e8s_1.pdf\">St-Mamm\u00e8s_1<\/a>\u00a0<a href=\"http:\/\/esperancerando.fr\/wp-content\/uploads\/2015\/03\/St-Mamm\u00e8s_2.pdf\">St-Mamm\u00e8s_2<\/a><\/li>\n<li><strong>Trilport<\/strong> <a href=\"http:\/\/esperancerando.fr\/wp-content\/uploads\/2015\/03\/Trilport.pdf\">Trilport<\/a><\/li>\n<li><strong>Vimpelles<\/strong> <a href=\"http:\/\/esperancerando.fr\/wp-content\/uploads\/2015\/03\/Vimpelles.pdf\">Vimpelles<\/a><\/li>\n<\/ol>\n","protected":false},"excerpt":{"rendered":"<p>Catalogue Randos Seine-et-Marne Catalogue Randos Seine-et-Marne Seine-et-Marne Seine-et-Marne_29-Randonn\u00e9es Balloy Balloy Barbizon Barbizon Blunay Blunay_For\u00eat_Les-Chaises\u00a0Blunay_For\u00eat\u00a0Blunay_La-Fontaine-aux-Bois\u00a0Blunay_Les-Grands-Pleux Bray-sur-Seine Bray-sur-Seine Chalautre-la-Grande Chalautre-la-Grande\u00a0Chalautre-la-Grande_Commune Ch\u00e2teau-Landon Ch\u00e2teau-Landon Chenoise Chenoise Donnemarie-Dontilly Donnemarie-Dontilly_Montois-Auxence\u00a0Donnemarie-Dontilly_Chalautre-la-Reposte\u00a0Donnemarie-Dontilly_Bois-de-Sigy_1\u00a0Donnemarie-Dontilly_Bois-de-Sigy_2 Egligny Egligny Fontaine-Fourches Fontaine-Fourches_La-Loupti\u00e8re-Th\u00e9nard_Tra\u00eenel Herm\u00e9 Herm\u00e9 Jutigny Jutigny Larchant Larchant_1\u00a0Larchant_2\u00a0Larchant_3 L\u00e9chelle L\u00e9chelle Louan Louan Montigny-sur-Loing Montigny-sur-Loing_Sorques_1\u00a0Montigny-sur-Loing_Sorques_2\u00a0La-Plaine-de-Sorques Moret-sur-Loing Moret-sur-Loing_16-Randonn\u00e9es\u00a0Moret-sur-Loing_Historique_1\u00a0Moret-sur-Loing_Historique_2 Paley Paley Provins Provins_Aux-Portes-de-Provins\u00a0Provins_Ville-Haute\u00a0Provins_Coteaux-de-la-Voulzie\u00a0Provins_2012_1\u00a0Provins_2012_2\u00a0Provins_Ste-Colombe_Chalautre-la-Petite\u00a0Provins_Richebourg Reuil-en-Brie Reuil-en-Brie Savins Savins_1\u00a0Savins_2 Ste-Colombe Ste-Colombe St-Mamm\u00e8s St-Mamm\u00e8s_1\u00a0St-Mamm\u00e8s_2 Trilport [&hellip;]<\/p>\n","protected":false},"author":1,"featured_media":0,"parent":1131,"menu_order":0,"comment_status":"closed","ping_status":"open","template":"","meta":{"footnotes":""},"class_list":["post-1180","page","type-page","status-publish","hentry"],"_links":{"self":[{"href":"https:\/\/esperancerando.fr\/index.php?rest_route=\/wp\/v2\/pages\/1180"}],"collection":[{"href":"https:\/\/esperancerando.fr\/index.php?rest_route=\/wp\/v2\/pages"}],"about":[{"href":"https:\/\/esperancerando.fr\/index.php?rest_route=\/wp\/v2\/types\/page"}],"author":[{"embeddable":true,"href":"https:\/\/esperancerando.fr\/index.php?rest_route=\/wp\/v2\/users\/1"}],"replies":[{"embeddable":true,"href":"https:\/\/esperancerando.fr\/index.php?rest_route=%2Fwp%2Fv2%2Fcomments&post=1180"}],"version-history":[{"count":33,"href":"https:\/\/esperancerando.fr\/index.php?rest_route=\/wp\/v2\/pages\/1180\/revisions"}],"predecessor-version":[{"id":4011,"href":"https:\/\/esperancerando.fr\/index.php?rest_route=\/wp\/v2\/pages\/1180\/revisions\/4011"}],"up":[{"embeddable":true,"href":"https:\/\/esperancerando.fr\/index.php?rest_route=\/wp\/v2\/pages\/1131"}],"wp:attachment":[{"href":"https:\/\/esperancerando.fr\/index.php?rest_route=%2Fwp%2Fv2%2Fmedia&parent=1180"}],"curies":[{"name":"wp","href":"https:\/\/api.w.org\/{rel}","templated":true}]}}