{"id":18,"date":"2014-08-09T16:02:10","date_gmt":"2014-08-09T15:02:10","guid":{"rendered":"http:\/\/esperancerando.fr\/?page_id=18"},"modified":"2014-08-26T16:28:06","modified_gmt":"2014-08-26T15:28:06","slug":"assurance","status":"publish","type":"page","link":"https:\/\/esperancerando.fr\/?page_id=18","title":{"rendered":"Assurance"},"content":{"rendered":"<ul>\n<li>La section Randonn\u00e9e est assur\u00e9e pour l\u2019exercice de l\u2019activit\u00e9, couvrant sa responsabilit\u00e9 civile, celle de ses membres et celle des pratiquants, et cela par un contrat souscrit par la soci\u00e9t\u00e9 Omnisports l\u2019Esp\u00e9rance de Nogent S\/Seine.<\/li>\n<\/ul>\n","protected":false},"excerpt":{"rendered":"<p>La section Randonn\u00e9e est assur\u00e9e pour l\u2019exercice de l\u2019activit\u00e9, couvrant sa responsabilit\u00e9 civile, celle de ses membres et celle des pratiquants, et cela par un contrat souscrit par la soci\u00e9t\u00e9 Omnisports l\u2019Esp\u00e9rance de Nogent S\/Seine.<\/p>\n","protected":false},"author":1,"featured_media":0,"parent":16,"menu_order":0,"comment_status":"closed","ping_status":"open","template":"","meta":{"footnotes":""},"class_list":["post-18","page","type-page","status-publish","hentry"],"_links":{"self":[{"href":"https:\/\/esperancerando.fr\/index.php?rest_route=\/wp\/v2\/pages\/18"}],"collection":[{"href":"https:\/\/esperancerando.fr\/index.php?rest_route=\/wp\/v2\/pages"}],"about":[{"href":"https:\/\/esperancerando.fr\/index.php?rest_route=\/wp\/v2\/types\/page"}],"author":[{"embeddable":true,"href":"https:\/\/esperancerando.fr\/index.php?rest_route=\/wp\/v2\/users\/1"}],"replies":[{"embeddable":true,"href":"https:\/\/esperancerando.fr\/index.php?rest_route=%2Fwp%2Fv2%2Fcomments&post=18"}],"version-history":[{"count":2,"href":"https:\/\/esperancerando.fr\/index.php?rest_route=\/wp\/v2\/pages\/18\/revisions"}],"predecessor-version":[{"id":281,"href":"https:\/\/esperancerando.fr\/index.php?rest_route=\/wp\/v2\/pages\/18\/revisions\/281"}],"up":[{"embeddable":true,"href":"https:\/\/esperancerando.fr\/index.php?rest_route=\/wp\/v2\/pages\/16"}],"wp:attachment":[{"href":"https:\/\/esperancerando.fr\/index.php?rest_route=%2Fwp%2Fv2%2Fmedia&parent=18"}],"curies":[{"name":"wp","href":"https:\/\/api.w.org\/{rel}","templated":true}]}}