{"id":24,"date":"2014-08-09T16:03:16","date_gmt":"2014-08-09T15:03:16","guid":{"rendered":"http:\/\/esperancerando.fr\/?page_id=24"},"modified":"2014-08-26T16:13:12","modified_gmt":"2014-08-26T15:13:12","slug":"notre-but","status":"publish","type":"page","link":"https:\/\/esperancerando.fr\/?page_id=24","title":{"rendered":"Notre but"},"content":{"rendered":"<ul>\n<li>D\u00e9velopper des liens d\u2019amiti\u00e9 et de convivialit\u00e9 entre les personnes.\n<ul>\n<li>La balade\u00a0fait office de coupure avec le quotidien et permet aux randonneurs d\u2019utiliser pleinement toutes les vertus relaxantes de cette activit\u00e9. La dur\u00e9e moyenne des randonn\u00e9es est de l&rsquo;ordre de 3 heures.<\/li>\n<\/ul>\n<\/li>\n<\/ul>\n<ul>\n<li>D\u00e9velopper la pratique de la randonn\u00e9e p\u00e9destre.\n<ul>\n<li>La randonn\u00e9e est une activit\u00e9 de plein air qui consiste \u00e0 suivre un itin\u00e9raire, elle\u00a0procure un bien \u00eatre physique\u00a0 et de\u00a0d\u00e9tente, elle\u00a0offre un enrichissement culturel par la d\u00e9couverte du patrimoine.<\/li>\n<\/ul>\n<\/li>\n<\/ul>\n<ul>\n<li>La randonn\u00e9e se r\u00e9v\u00e8le comme un moment d\u2019\u00e9change, de r\u00e9flexion et de rapprochement avec la nature, elle contribue \u00e0 la sauvegarde de l&rsquo;environnement et la valorisation du tourisme vert.<\/li>\n<\/ul>\n","protected":false},"excerpt":{"rendered":"<p>D\u00e9velopper des liens d\u2019amiti\u00e9 et de convivialit\u00e9 entre les personnes. La balade\u00a0fait office de coupure avec le quotidien et permet aux randonneurs d\u2019utiliser pleinement toutes les vertus relaxantes de cette activit\u00e9. La dur\u00e9e moyenne des randonn\u00e9es est de l&rsquo;ordre de 3 heures. D\u00e9velopper la pratique de la randonn\u00e9e p\u00e9destre. La randonn\u00e9e est une activit\u00e9 de [&hellip;]<\/p>\n","protected":false},"author":1,"featured_media":0,"parent":16,"menu_order":0,"comment_status":"closed","ping_status":"open","template":"","meta":{"footnotes":""},"class_list":["post-24","page","type-page","status-publish","hentry"],"_links":{"self":[{"href":"https:\/\/esperancerando.fr\/index.php?rest_route=\/wp\/v2\/pages\/24"}],"collection":[{"href":"https:\/\/esperancerando.fr\/index.php?rest_route=\/wp\/v2\/pages"}],"about":[{"href":"https:\/\/esperancerando.fr\/index.php?rest_route=\/wp\/v2\/types\/page"}],"author":[{"embeddable":true,"href":"https:\/\/esperancerando.fr\/index.php?rest_route=\/wp\/v2\/users\/1"}],"replies":[{"embeddable":true,"href":"https:\/\/esperancerando.fr\/index.php?rest_route=%2Fwp%2Fv2%2Fcomments&post=24"}],"version-history":[{"count":3,"href":"https:\/\/esperancerando.fr\/index.php?rest_route=\/wp\/v2\/pages\/24\/revisions"}],"predecessor-version":[{"id":272,"href":"https:\/\/esperancerando.fr\/index.php?rest_route=\/wp\/v2\/pages\/24\/revisions\/272"}],"up":[{"embeddable":true,"href":"https:\/\/esperancerando.fr\/index.php?rest_route=\/wp\/v2\/pages\/16"}],"wp:attachment":[{"href":"https:\/\/esperancerando.fr\/index.php?rest_route=%2Fwp%2Fv2%2Fmedia&parent=24"}],"curies":[{"name":"wp","href":"https:\/\/api.w.org\/{rel}","templated":true}]}}