{"id":28,"date":"2014-08-09T16:03:48","date_gmt":"2014-08-09T15:03:48","guid":{"rendered":"http:\/\/esperancerando.fr\/?page_id=28"},"modified":"2024-11-02T09:16:41","modified_gmt":"2024-11-02T08:16:41","slug":"securite","status":"publish","type":"page","link":"https:\/\/esperancerando.fr\/?page_id=28","title":{"rendered":"S\u00e9curit\u00e9"},"content":{"rendered":"<ul>\n<li><strong><span style=\"color: #000000;\">Fiche S\u00e9curit\u00e9 Randonneur ===&gt;<\/span> <span style=\"color: #0000ff;\"><a style=\"color: #0000ff;\" href=\"https:\/\/esperancerando.fr\/wp-content\/uploads\/2024\/11\/ESPERANCE-RANDO-Fiche-Securite-Randonneur.xlsx\">ESPERANCE RANDO &#8211; Fiche S\u00e9curit\u00e9 Randonneur<\/a><\/span><\/strong><\/li>\n<\/ul>\n<p>&nbsp;<\/p>\n<ul>\n<li>La randonn\u00e9e p\u00e9destre, activit\u00e9 sportive de plein air se pratiquant dans le respect des milieux travers\u00e9s.<\/li>\n<\/ul>\n<ul>\n<li>C\u2019est une activit\u00e9 de d\u00e9couverte qui demande une condition physique et un \u00e9quipement adapt\u00e9.<\/li>\n<\/ul>\n<ul>\n<li>R\u00e8gles de s\u00e9curit\u00e9\u00a0:\n<ul>\n<li>Etudier l\u2019itin\u00e9raire et prendre en compte sa distance, sa dur\u00e9e, ses difficult\u00e9s tant physiques que naturelles et tenir compte de la saison.<\/li>\n<li>Pr\u00e9voir un \u00e9quipement et un mat\u00e9riel adapt\u00e9s aux caract\u00e9ristiques de la randonn\u00e9e programm\u00e9e, et entre autre, suffisamment d\u2019eau.<\/li>\n<li>Rester attentif aux \u00e9ventuelles \u00e9volutions li\u00e9es \u00e0 l\u2019incertitude du milieu, de la m\u00e9t\u00e9o et aux attitudes et capacit\u00e9s du groupe de randonneurs.<\/li>\n<li>Etre encadr\u00e9 par un responsable de l\u2019association qui aura r\u00e9uni tous les \u00e9l\u00e9ments n\u00e9cessaires \u00e0 la pr\u00e9paration de la sortie.<\/li>\n<li>Travers\u00e9e de route : Des responsables \u00e9quip\u00e9s de gilet jaune fluo sont charg\u00e9s d&rsquo;assurer la s\u00e9curit\u00e9 lors des travers\u00e9es de route.<\/li>\n<li>=&gt; <span style=\"color: #0000ff;\"><strong><a href=\"http:\/\/esperancerando.fr\/wp-content\/uploads\/2014\/08\/La-trousse-de-secours-du-randonneur.doc\"><span style=\"color: #0000ff;\">La trousse de secours du randonneur<\/span><\/a><\/strong><\/span><\/li>\n<li>=&gt; <span style=\"color: #0000ff;\"><strong><a href=\"http:\/\/esperancerando.fr\/wp-content\/uploads\/2014\/08\/Cohabitation-Chasseurs-Randonneurs-1.pdf\"><span style=\"color: #0000ff;\">Cohabitation Chasseurs Randonneurs 1<\/span><\/a><\/strong><\/span>\u00a0<strong><span style=\"color: #0000ff;\"><a href=\"http:\/\/esperancerando.fr\/wp-content\/uploads\/2014\/08\/Cohabitation-Chasseurs-Randonneurs-2.pdf\"><span style=\"color: #0000ff;\">Cohabitation Chasseurs Randonneurs 2<\/span><\/a><\/span><\/strong><\/li>\n<\/ul>\n<\/li>\n<\/ul>\n","protected":false},"excerpt":{"rendered":"<p>Fiche S\u00e9curit\u00e9 Randonneur ===&gt; ESPERANCE RANDO &#8211; Fiche S\u00e9curit\u00e9 Randonneur &nbsp; La randonn\u00e9e p\u00e9destre, activit\u00e9 sportive de plein air se pratiquant dans le respect des milieux travers\u00e9s. C\u2019est une activit\u00e9 de d\u00e9couverte qui demande une condition physique et un \u00e9quipement adapt\u00e9. R\u00e8gles de s\u00e9curit\u00e9\u00a0: Etudier l\u2019itin\u00e9raire et prendre en compte sa distance, sa dur\u00e9e, ses [&hellip;]<\/p>\n","protected":false},"author":1,"featured_media":0,"parent":16,"menu_order":0,"comment_status":"closed","ping_status":"open","template":"","meta":{"footnotes":""},"class_list":["post-28","page","type-page","status-publish","hentry"],"_links":{"self":[{"href":"https:\/\/esperancerando.fr\/index.php?rest_route=\/wp\/v2\/pages\/28"}],"collection":[{"href":"https:\/\/esperancerando.fr\/index.php?rest_route=\/wp\/v2\/pages"}],"about":[{"href":"https:\/\/esperancerando.fr\/index.php?rest_route=\/wp\/v2\/types\/page"}],"author":[{"embeddable":true,"href":"https:\/\/esperancerando.fr\/index.php?rest_route=\/wp\/v2\/users\/1"}],"replies":[{"embeddable":true,"href":"https:\/\/esperancerando.fr\/index.php?rest_route=%2Fwp%2Fv2%2Fcomments&post=28"}],"version-history":[{"count":11,"href":"https:\/\/esperancerando.fr\/index.php?rest_route=\/wp\/v2\/pages\/28\/revisions"}],"predecessor-version":[{"id":23043,"href":"https:\/\/esperancerando.fr\/index.php?rest_route=\/wp\/v2\/pages\/28\/revisions\/23043"}],"up":[{"embeddable":true,"href":"https:\/\/esperancerando.fr\/index.php?rest_route=\/wp\/v2\/pages\/16"}],"wp:attachment":[{"href":"https:\/\/esperancerando.fr\/index.php?rest_route=%2Fwp%2Fv2%2Fmedia&parent=28"}],"curies":[{"name":"wp","href":"https:\/\/api.w.org\/{rel}","templated":true}]}}