{"id":8,"date":"2014-08-09T16:00:53","date_gmt":"2014-08-09T15:00:53","guid":{"rendered":"http:\/\/esperancerando.fr\/?page_id=8"},"modified":"2026-04-23T17:37:39","modified_gmt":"2026-04-23T16:37:39","slug":"accueil","status":"publish","type":"page","link":"https:\/\/esperancerando.fr\/","title":{"rendered":"Accueil"},"content":{"rendered":"<ul>\n<li>\n<h3><span style=\"color: #000000;\"><strong>Vous aimez randonner, profiter des paysages, marcher dans la campagne et en for\u00eat, sentir le vent et les odeurs de la nature, partager un pique-nique. <\/strong><\/span><span style=\"color: #0000ff;\"><strong>RDVs Jeudi et Dimanche 8h30 Place de la Halle \u00e0 Nogent pour un d\u00e9part 8h45<\/strong><\/span><\/h3>\n<\/li>\n<li>\n<h3><strong>Dimanche 26 =&gt; <span style=\"color: #0000ff;\">SAUDOY<\/span> (RDV Place de la Halle Nogent ou Sur Site \u2013 Rando Printani\u00e8re Marcilly-sur-Seine \u2013 8 et 13 Kms \u2013 5\u20ac \u2013 Inscription et D\u00e9part 8h30 \u00e0 9h30 Foyer Rural Rue de la Foresti\u00e8re) =&gt; <a href=\"https:\/\/esperancerando.fr\/wp-content\/uploads\/2026\/02\/Affiche-SAUDOY.pdf\">Affiche SAUDOY<\/a>, Rendez-vous place de la halle \u00e0 Nogent \u00e0 8 H 15 pour un d\u00e9part \u00e0 8 H 30 ou au foyer rural de la Foresti\u00e8re \u00e0 9 H.<\/strong><\/h3>\n<\/li>\n<li>\n<h3><strong>Jeudi 30 =&gt; <span style=\"color: #0000ff;\">SOLIGNY-LES-ETANGS<\/span> (RDVs Place de la Halle Nogent ou Stade du Village \u2013 Guides Fran\u00e7oise et Jean-Pierre \u2013 Rep\u00e9rage Parcours OTNVS avec Casimir) <em>Identique pour la<\/em><em> Rando Douce<\/em><\/strong><\/h3>\n<\/li>\n<li>\n<h3><strong>Dimanche 3 =&gt; <span style=\"color: #0000ff;\">DIENVILLE<\/span> (RDVs Place de la Halle Nogent ou Port de Dienville \u2013 Avec Pique-Nique)<\/strong><\/h3>\n<\/li>\n<li>\n<h3><strong>Jeudi 7 =&gt; <span style=\"color: #0000ff;\">ANGLURE<\/span> (RDVs Place de la Halle Nogent ou stade, \u00e0 l\u2019entr\u00e9e du village) <em>Identique pour la<\/em><em> Rando Douce<\/em><\/strong><\/h3>\n<\/li>\n<li>\n<p><div id=\"attachment_26086\" style=\"width: 1009px\" class=\"wp-caption alignnone\"><a href=\"https:\/\/esperancerando.fr\/wp-content\/uploads\/2026\/04\/IMG-20260419-WA0000.jpg\"><img loading=\"lazy\" decoding=\"async\" aria-describedby=\"caption-attachment-26086\" class=\"wp-image-26086\" src=\"https:\/\/esperancerando.fr\/wp-content\/uploads\/2026\/04\/IMG-20260419-WA0000-300x169.jpg\" alt=\"\" width=\"999\" height=\"562\" srcset=\"https:\/\/esperancerando.fr\/wp-content\/uploads\/2026\/04\/IMG-20260419-WA0000-300x169.jpg 300w, https:\/\/esperancerando.fr\/wp-content\/uploads\/2026\/04\/IMG-20260419-WA0000-150x84.jpg 150w, https:\/\/esperancerando.fr\/wp-content\/uploads\/2026\/04\/IMG-20260419-WA0000-768x432.jpg 768w, https:\/\/esperancerando.fr\/wp-content\/uploads\/2026\/04\/IMG-20260419-WA0000-860x484.jpg 860w, https:\/\/esperancerando.fr\/wp-content\/uploads\/2026\/04\/IMG-20260419-WA0000-624x351.jpg 624w, https:\/\/esperancerando.fr\/wp-content\/uploads\/2026\/04\/IMG-20260419-WA0000.jpg 1000w\" sizes=\"(max-width: 999px) 100vw, 999px\" \/><\/a><p id=\"caption-attachment-26086\" class=\"wp-caption-text\">Balloy Dimanche 19 Avril 2026<\/p><\/div><\/li>\n<li>\n<p><div id=\"attachment_26080\" style=\"width: 1009px\" class=\"wp-caption alignnone\"><a href=\"https:\/\/esperancerando.fr\/wp-content\/uploads\/2026\/04\/IMG_9912.jpeg\"><img loading=\"lazy\" decoding=\"async\" aria-describedby=\"caption-attachment-26080\" class=\"wp-image-26080\" src=\"https:\/\/esperancerando.fr\/wp-content\/uploads\/2026\/04\/IMG_9912-300x225.jpeg\" alt=\"\" width=\"999\" height=\"749\" srcset=\"https:\/\/esperancerando.fr\/wp-content\/uploads\/2026\/04\/IMG_9912-300x225.jpeg 300w, https:\/\/esperancerando.fr\/wp-content\/uploads\/2026\/04\/IMG_9912-150x113.jpeg 150w, https:\/\/esperancerando.fr\/wp-content\/uploads\/2026\/04\/IMG_9912-624x468.jpeg 624w, https:\/\/esperancerando.fr\/wp-content\/uploads\/2026\/04\/IMG_9912.jpeg 640w\" sizes=\"(max-width: 999px) 100vw, 999px\" \/><\/a><p id=\"caption-attachment-26080\" class=\"wp-caption-text\">Tra\u00eenel Jeudi 16 Avril 2026<\/p><\/div><\/li>\n<li>\n<div id=\"attachment_26061\" style=\"width: 1009px\" class=\"wp-caption alignnone\"><a href=\"https:\/\/esperancerando.fr\/wp-content\/uploads\/2026\/04\/IMG-20260416-WA0000.jpg\"><img loading=\"lazy\" decoding=\"async\" aria-describedby=\"caption-attachment-26061\" class=\"wp-image-26061\" src=\"https:\/\/esperancerando.fr\/wp-content\/uploads\/2026\/04\/IMG-20260416-WA0000-300x169.jpg\" alt=\"\" width=\"999\" height=\"562\" srcset=\"https:\/\/esperancerando.fr\/wp-content\/uploads\/2026\/04\/IMG-20260416-WA0000-300x169.jpg 300w, https:\/\/esperancerando.fr\/wp-content\/uploads\/2026\/04\/IMG-20260416-WA0000-150x84.jpg 150w, https:\/\/esperancerando.fr\/wp-content\/uploads\/2026\/04\/IMG-20260416-WA0000-768x432.jpg 768w, https:\/\/esperancerando.fr\/wp-content\/uploads\/2026\/04\/IMG-20260416-WA0000-860x484.jpg 860w, https:\/\/esperancerando.fr\/wp-content\/uploads\/2026\/04\/IMG-20260416-WA0000-624x351.jpg 624w, https:\/\/esperancerando.fr\/wp-content\/uploads\/2026\/04\/IMG-20260416-WA0000.jpg 1000w\" sizes=\"(max-width: 999px) 100vw, 999px\" \/><\/a><p id=\"caption-attachment-26061\" class=\"wp-caption-text\">Tra\u00eenel Jeudi 16 Avril 2026<\/p><\/div>\n<p><div id=\"attachment_26073\" style=\"width: 1009px\" class=\"wp-caption alignnone\"><a href=\"https:\/\/esperancerando.fr\/wp-content\/uploads\/2026\/04\/IMG-20260416-WA0012.jpg\"><img loading=\"lazy\" decoding=\"async\" aria-describedby=\"caption-attachment-26073\" class=\"wp-image-26073\" src=\"https:\/\/esperancerando.fr\/wp-content\/uploads\/2026\/04\/IMG-20260416-WA0012-300x169.jpg\" alt=\"\" width=\"999\" height=\"562\" srcset=\"https:\/\/esperancerando.fr\/wp-content\/uploads\/2026\/04\/IMG-20260416-WA0012-300x169.jpg 300w, https:\/\/esperancerando.fr\/wp-content\/uploads\/2026\/04\/IMG-20260416-WA0012-1024x576.jpg 1024w, https:\/\/esperancerando.fr\/wp-content\/uploads\/2026\/04\/IMG-20260416-WA0012-150x84.jpg 150w, https:\/\/esperancerando.fr\/wp-content\/uploads\/2026\/04\/IMG-20260416-WA0012-768x432.jpg 768w, https:\/\/esperancerando.fr\/wp-content\/uploads\/2026\/04\/IMG-20260416-WA0012-1536x864.jpg 1536w, https:\/\/esperancerando.fr\/wp-content\/uploads\/2026\/04\/IMG-20260416-WA0012-860x484.jpg 860w, https:\/\/esperancerando.fr\/wp-content\/uploads\/2026\/04\/IMG-20260416-WA0012-624x351.jpg 624w, https:\/\/esperancerando.fr\/wp-content\/uploads\/2026\/04\/IMG-20260416-WA0012.jpg 1640w\" sizes=\"(max-width: 999px) 100vw, 999px\" \/><\/a><p id=\"caption-attachment-26073\" class=\"wp-caption-text\">Tra\u00eenel Jeudi 16 Avril 2026<\/p><\/div><\/li>\n<li>\n<p><div id=\"attachment_26055\" style=\"width: 1009px\" class=\"wp-caption alignnone\"><a href=\"https:\/\/esperancerando.fr\/wp-content\/uploads\/2026\/04\/IMG-20260412-WA0002.jpg\"><img loading=\"lazy\" decoding=\"async\" aria-describedby=\"caption-attachment-26055\" class=\"wp-image-26055\" src=\"https:\/\/esperancerando.fr\/wp-content\/uploads\/2026\/04\/IMG-20260412-WA0002-300x169.jpg\" alt=\"\" width=\"999\" height=\"562\" srcset=\"https:\/\/esperancerando.fr\/wp-content\/uploads\/2026\/04\/IMG-20260412-WA0002-300x169.jpg 300w, https:\/\/esperancerando.fr\/wp-content\/uploads\/2026\/04\/IMG-20260412-WA0002-150x84.jpg 150w, https:\/\/esperancerando.fr\/wp-content\/uploads\/2026\/04\/IMG-20260412-WA0002-768x432.jpg 768w, https:\/\/esperancerando.fr\/wp-content\/uploads\/2026\/04\/IMG-20260412-WA0002-860x484.jpg 860w, https:\/\/esperancerando.fr\/wp-content\/uploads\/2026\/04\/IMG-20260412-WA0002-624x351.jpg 624w, https:\/\/esperancerando.fr\/wp-content\/uploads\/2026\/04\/IMG-20260412-WA0002.jpg 1000w\" sizes=\"(max-width: 999px) 100vw, 999px\" \/><\/a><p id=\"caption-attachment-26055\" class=\"wp-caption-text\">Bethon Dimanche 12 Avril 2026<\/p><\/div><\/li>\n<li>\n<div id=\"attachment_26052\" style=\"width: 1009px\" class=\"wp-caption alignnone\"><a href=\"https:\/\/esperancerando.fr\/wp-content\/uploads\/2026\/04\/IMG_20260409_143812.jpeg\"><img loading=\"lazy\" decoding=\"async\" aria-describedby=\"caption-attachment-26052\" class=\"wp-image-26052\" src=\"https:\/\/esperancerando.fr\/wp-content\/uploads\/2026\/04\/IMG_20260409_143812-300x225.jpeg\" alt=\"\" width=\"999\" height=\"749\" srcset=\"https:\/\/esperancerando.fr\/wp-content\/uploads\/2026\/04\/IMG_20260409_143812-300x225.jpeg 300w, https:\/\/esperancerando.fr\/wp-content\/uploads\/2026\/04\/IMG_20260409_143812-1024x768.jpeg 1024w, https:\/\/esperancerando.fr\/wp-content\/uploads\/2026\/04\/IMG_20260409_143812-150x113.jpeg 150w, https:\/\/esperancerando.fr\/wp-content\/uploads\/2026\/04\/IMG_20260409_143812-768x576.jpeg 768w, https:\/\/esperancerando.fr\/wp-content\/uploads\/2026\/04\/IMG_20260409_143812-860x645.jpeg 860w, https:\/\/esperancerando.fr\/wp-content\/uploads\/2026\/04\/IMG_20260409_143812-624x468.jpeg 624w, https:\/\/esperancerando.fr\/wp-content\/uploads\/2026\/04\/IMG_20260409_143812.jpeg 1224w\" sizes=\"(max-width: 999px) 100vw, 999px\" \/><\/a><p id=\"caption-attachment-26052\" class=\"wp-caption-text\">Le M\u00e9riot 09\/04\/2026<\/p><\/div>\n<p><div id=\"attachment_26040\" style=\"width: 1009px\" class=\"wp-caption alignnone\"><a href=\"https:\/\/esperancerando.fr\/wp-content\/uploads\/2026\/04\/IMG_20260409_154515-scaled.jpeg\"><img loading=\"lazy\" decoding=\"async\" aria-describedby=\"caption-attachment-26040\" class=\"wp-image-26040\" src=\"https:\/\/esperancerando.fr\/wp-content\/uploads\/2026\/04\/IMG_20260409_154515-300x169.jpeg\" alt=\"\" width=\"999\" height=\"562\" srcset=\"https:\/\/esperancerando.fr\/wp-content\/uploads\/2026\/04\/IMG_20260409_154515-300x169.jpeg 300w, https:\/\/esperancerando.fr\/wp-content\/uploads\/2026\/04\/IMG_20260409_154515-1024x576.jpeg 1024w, https:\/\/esperancerando.fr\/wp-content\/uploads\/2026\/04\/IMG_20260409_154515-150x84.jpeg 150w, https:\/\/esperancerando.fr\/wp-content\/uploads\/2026\/04\/IMG_20260409_154515-768x432.jpeg 768w, https:\/\/esperancerando.fr\/wp-content\/uploads\/2026\/04\/IMG_20260409_154515-1536x864.jpeg 1536w, https:\/\/esperancerando.fr\/wp-content\/uploads\/2026\/04\/IMG_20260409_154515-2048x1152.jpeg 2048w, https:\/\/esperancerando.fr\/wp-content\/uploads\/2026\/04\/IMG_20260409_154515-860x484.jpeg 860w, https:\/\/esperancerando.fr\/wp-content\/uploads\/2026\/04\/IMG_20260409_154515-624x351.jpeg 624w\" sizes=\"(max-width: 999px) 100vw, 999px\" \/><\/a><p id=\"caption-attachment-26040\" class=\"wp-caption-text\">Le M\u00e9riot 09\/04\/2026<\/p><\/div><\/li>\n<li>\n<div id=\"attachment_26020\" style=\"width: 1009px\" class=\"wp-caption alignnone\"><a href=\"https:\/\/esperancerando.fr\/wp-content\/uploads\/2026\/04\/IMG-20260403-WA0000.jpg\"><img loading=\"lazy\" decoding=\"async\" aria-describedby=\"caption-attachment-26020\" class=\"wp-image-26020\" src=\"https:\/\/esperancerando.fr\/wp-content\/uploads\/2026\/04\/IMG-20260403-WA0000-300x225.jpg\" alt=\"\" width=\"999\" height=\"749\" srcset=\"https:\/\/esperancerando.fr\/wp-content\/uploads\/2026\/04\/IMG-20260403-WA0000-300x225.jpg 300w, https:\/\/esperancerando.fr\/wp-content\/uploads\/2026\/04\/IMG-20260403-WA0000-150x113.jpg 150w, https:\/\/esperancerando.fr\/wp-content\/uploads\/2026\/04\/IMG-20260403-WA0000-768x576.jpg 768w, https:\/\/esperancerando.fr\/wp-content\/uploads\/2026\/04\/IMG-20260403-WA0000-860x645.jpg 860w, https:\/\/esperancerando.fr\/wp-content\/uploads\/2026\/04\/IMG-20260403-WA0000-624x468.jpg 624w, https:\/\/esperancerando.fr\/wp-content\/uploads\/2026\/04\/IMG-20260403-WA0000.jpg 1024w\" sizes=\"(max-width: 999px) 100vw, 999px\" \/><\/a><p id=\"caption-attachment-26020\" class=\"wp-caption-text\">Marcilly 02\/04\/2026<\/p><\/div>\n<p><div id=\"attachment_26015\" style=\"width: 676px\" class=\"wp-caption alignnone\"><a href=\"https:\/\/esperancerando.fr\/wp-content\/uploads\/2026\/04\/IMG_20260402_102605-scaled.jpeg\"><img loading=\"lazy\" decoding=\"async\" aria-describedby=\"caption-attachment-26015\" class=\"wp-image-26015\" src=\"https:\/\/esperancerando.fr\/wp-content\/uploads\/2026\/04\/IMG_20260402_102605-225x300.jpeg\" alt=\"\" width=\"666\" height=\"888\" srcset=\"https:\/\/esperancerando.fr\/wp-content\/uploads\/2026\/04\/IMG_20260402_102605-225x300.jpeg 225w, https:\/\/esperancerando.fr\/wp-content\/uploads\/2026\/04\/IMG_20260402_102605-768x1024.jpeg 768w, https:\/\/esperancerando.fr\/wp-content\/uploads\/2026\/04\/IMG_20260402_102605-113x150.jpeg 113w, https:\/\/esperancerando.fr\/wp-content\/uploads\/2026\/04\/IMG_20260402_102605-1152x1536.jpeg 1152w, https:\/\/esperancerando.fr\/wp-content\/uploads\/2026\/04\/IMG_20260402_102605-1536x2048.jpeg 1536w, https:\/\/esperancerando.fr\/wp-content\/uploads\/2026\/04\/IMG_20260402_102605-860x1147.jpeg 860w, https:\/\/esperancerando.fr\/wp-content\/uploads\/2026\/04\/IMG_20260402_102605-624x832.jpeg 624w, https:\/\/esperancerando.fr\/wp-content\/uploads\/2026\/04\/IMG_20260402_102605-scaled.jpeg 1920w\" sizes=\"(max-width: 666px) 100vw, 666px\" \/><\/a><p id=\"caption-attachment-26015\" class=\"wp-caption-text\">Marcilly 02\/04\/2026<\/p><\/div><\/li>\n<li>\n<div id=\"attachment_25996\" style=\"width: 1009px\" class=\"wp-caption alignnone\"><a href=\"https:\/\/esperancerando.fr\/wp-content\/uploads\/2026\/03\/IMG-20260329-WA0001.jpg\"><img loading=\"lazy\" decoding=\"async\" aria-describedby=\"caption-attachment-25996\" class=\"wp-image-25996\" src=\"https:\/\/esperancerando.fr\/wp-content\/uploads\/2026\/03\/IMG-20260329-WA0001-300x169.jpg\" alt=\"\" width=\"999\" height=\"562\" srcset=\"https:\/\/esperancerando.fr\/wp-content\/uploads\/2026\/03\/IMG-20260329-WA0001-300x169.jpg 300w, https:\/\/esperancerando.fr\/wp-content\/uploads\/2026\/03\/IMG-20260329-WA0001-150x84.jpg 150w, https:\/\/esperancerando.fr\/wp-content\/uploads\/2026\/03\/IMG-20260329-WA0001-768x432.jpg 768w, https:\/\/esperancerando.fr\/wp-content\/uploads\/2026\/03\/IMG-20260329-WA0001-860x484.jpg 860w, https:\/\/esperancerando.fr\/wp-content\/uploads\/2026\/03\/IMG-20260329-WA0001-624x351.jpg 624w, https:\/\/esperancerando.fr\/wp-content\/uploads\/2026\/03\/IMG-20260329-WA0001.jpg 1000w\" sizes=\"(max-width: 999px) 100vw, 999px\" \/><\/a><p id=\"caption-attachment-25996\" class=\"wp-caption-text\">S\u00e9zanne Dimanche 29 Mars 2026<\/p><\/div>\n<p><div id=\"attachment_26000\" style=\"width: 1009px\" class=\"wp-caption alignnone\"><a href=\"https:\/\/esperancerando.fr\/wp-content\/uploads\/2026\/03\/IMG-20260329-WA0005.jpg\"><img loading=\"lazy\" decoding=\"async\" aria-describedby=\"caption-attachment-26000\" class=\"wp-image-26000\" src=\"https:\/\/esperancerando.fr\/wp-content\/uploads\/2026\/03\/IMG-20260329-WA0005-300x169.jpg\" alt=\"\" width=\"999\" height=\"562\" srcset=\"https:\/\/esperancerando.fr\/wp-content\/uploads\/2026\/03\/IMG-20260329-WA0005-300x169.jpg 300w, https:\/\/esperancerando.fr\/wp-content\/uploads\/2026\/03\/IMG-20260329-WA0005-150x84.jpg 150w, https:\/\/esperancerando.fr\/wp-content\/uploads\/2026\/03\/IMG-20260329-WA0005-768x432.jpg 768w, https:\/\/esperancerando.fr\/wp-content\/uploads\/2026\/03\/IMG-20260329-WA0005-860x484.jpg 860w, https:\/\/esperancerando.fr\/wp-content\/uploads\/2026\/03\/IMG-20260329-WA0005-624x351.jpg 624w, https:\/\/esperancerando.fr\/wp-content\/uploads\/2026\/03\/IMG-20260329-WA0005.jpg 1000w\" sizes=\"(max-width: 999px) 100vw, 999px\" \/><\/a><p id=\"caption-attachment-26000\" class=\"wp-caption-text\">S\u00e9zanne Dimanche 29 Mars 2026<\/p><\/div><\/li>\n<li>\n<div id=\"attachment_25985\" style=\"width: 1009px\" class=\"wp-caption alignnone\"><a href=\"https:\/\/esperancerando.fr\/wp-content\/uploads\/2026\/03\/IMG-20260326-WA0014.jpg\"><img loading=\"lazy\" decoding=\"async\" aria-describedby=\"caption-attachment-25985\" class=\"wp-image-25985\" src=\"https:\/\/esperancerando.fr\/wp-content\/uploads\/2026\/03\/IMG-20260326-WA0014-300x169.jpg\" alt=\"\" width=\"999\" height=\"562\" srcset=\"https:\/\/esperancerando.fr\/wp-content\/uploads\/2026\/03\/IMG-20260326-WA0014-300x169.jpg 300w, https:\/\/esperancerando.fr\/wp-content\/uploads\/2026\/03\/IMG-20260326-WA0014-150x84.jpg 150w, https:\/\/esperancerando.fr\/wp-content\/uploads\/2026\/03\/IMG-20260326-WA0014-768x432.jpg 768w, https:\/\/esperancerando.fr\/wp-content\/uploads\/2026\/03\/IMG-20260326-WA0014-860x484.jpg 860w, https:\/\/esperancerando.fr\/wp-content\/uploads\/2026\/03\/IMG-20260326-WA0014-624x351.jpg 624w, https:\/\/esperancerando.fr\/wp-content\/uploads\/2026\/03\/IMG-20260326-WA0014.jpg 1000w\" sizes=\"(max-width: 999px) 100vw, 999px\" \/><\/a><p id=\"caption-attachment-25985\" class=\"wp-caption-text\">Pont-sur-Seine Jeudi 26 Mars 2026<\/p><\/div>\n<p><div id=\"attachment_25988\" style=\"width: 676px\" class=\"wp-caption alignnone\"><a href=\"https:\/\/esperancerando.fr\/wp-content\/uploads\/2026\/03\/20260326_114449.jpg\"><img loading=\"lazy\" decoding=\"async\" aria-describedby=\"caption-attachment-25988\" class=\"wp-image-25988\" src=\"https:\/\/esperancerando.fr\/wp-content\/uploads\/2026\/03\/20260326_114449-225x300.jpg\" alt=\"\" width=\"666\" height=\"888\" srcset=\"https:\/\/esperancerando.fr\/wp-content\/uploads\/2026\/03\/20260326_114449-225x300.jpg 225w, https:\/\/esperancerando.fr\/wp-content\/uploads\/2026\/03\/20260326_114449-768x1024.jpg 768w, https:\/\/esperancerando.fr\/wp-content\/uploads\/2026\/03\/20260326_114449-113x150.jpg 113w, https:\/\/esperancerando.fr\/wp-content\/uploads\/2026\/03\/20260326_114449-860x1147.jpg 860w, https:\/\/esperancerando.fr\/wp-content\/uploads\/2026\/03\/20260326_114449-624x832.jpg 624w, https:\/\/esperancerando.fr\/wp-content\/uploads\/2026\/03\/20260326_114449.jpg 1020w\" sizes=\"(max-width: 666px) 100vw, 666px\" \/><\/a><p id=\"caption-attachment-25988\" class=\"wp-caption-text\">Nogent-sur-Seine Jeudi 26 Mars 2026 &#8211; Inauguration du Quai Michel Soufflet<\/p><\/div><\/li>\n<\/ul>\n","protected":false},"excerpt":{"rendered":"<p>Vous aimez randonner, profiter des paysages, marcher dans la campagne et en for\u00eat, sentir le vent et les odeurs de la nature, partager un pique-nique. RDVs Jeudi et Dimanche 8h30 Place de la Halle \u00e0 Nogent pour un d\u00e9part 8h45 Dimanche 26 =&gt; SAUDOY (RDV Place de la Halle Nogent ou Sur Site \u2013 Rando [&hellip;]<\/p>\n","protected":false},"author":1,"featured_media":0,"parent":0,"menu_order":0,"comment_status":"closed","ping_status":"open","template":"","meta":{"footnotes":""},"class_list":["post-8","page","type-page","status-publish","hentry"],"_links":{"self":[{"href":"https:\/\/esperancerando.fr\/index.php?rest_route=\/wp\/v2\/pages\/8"}],"collection":[{"href":"https:\/\/esperancerando.fr\/index.php?rest_route=\/wp\/v2\/pages"}],"about":[{"href":"https:\/\/esperancerando.fr\/index.php?rest_route=\/wp\/v2\/types\/page"}],"author":[{"embeddable":true,"href":"https:\/\/esperancerando.fr\/index.php?rest_route=\/wp\/v2\/users\/1"}],"replies":[{"embeddable":true,"href":"https:\/\/esperancerando.fr\/index.php?rest_route=%2Fwp%2Fv2%2Fcomments&post=8"}],"version-history":[{"count":2505,"href":"https:\/\/esperancerando.fr\/index.php?rest_route=\/wp\/v2\/pages\/8\/revisions"}],"predecessor-version":[{"id":26098,"href":"https:\/\/esperancerando.fr\/index.php?rest_route=\/wp\/v2\/pages\/8\/revisions\/26098"}],"wp:attachment":[{"href":"https:\/\/esperancerando.fr\/index.php?rest_route=%2Fwp%2Fv2%2Fmedia&parent=8"}],"curies":[{"name":"wp","href":"https:\/\/api.w.org\/{rel}","templated":true}]}}